{"id":4526,"date":"2023-11-21T10:42:41","date_gmt":"2023-11-21T10:42:41","guid":{"rendered":"https:\/\/demo4.otelrubbykadikoy.com.tr\/?post_type=product&#038;p=4526"},"modified":"2023-12-09T12:23:06","modified_gmt":"2023-12-09T12:23:06","slug":"deluxe-balkonlu-suite","status":"publish","type":"product","link":"https:\/\/demo1.otelrubbykadikoy.com.tr\/index.php\/product\/deluxe-balkonlu-suite\/","title":{"rendered":"Deluxe Balkonlu Suite"},"content":{"rendered":"<p>Rubby Kad\u0131k\u00f6y Otel &#8211; Deluxe Balkonlu Suite<br \/>\nL\u00fcks ve konforlu dizayn edilmi\u015f 2 \/ 3 ki\u015filik konaklamalar\u0131n\u0131z i\u00e7in tercih edebilirsiniz.<\/p>\n","protected":false},"excerpt":{"rendered":"<p>Rubby Kad\u0131k\u00f6y Otel &#8211; Deluxe Balkonlu Suite<br \/>\nL\u00fcks ve konforlu dizayn edilmi\u015f 2 \/ 3 ki\u015filik konaklamalar\u0131n\u0131z i\u00e7in tercih edebilirsiniz.<\/p>\n","protected":false},"featured_media":4407,"comment_status":"closed","ping_status":"closed","template":"","meta":{"_monsterinsights_skip_tracking":false,"_monsterinsights_sitenote_active":false,"_monsterinsights_sitenote_note":"","_monsterinsights_sitenote_category":0},"product_brand":[],"product_cat":[15,32,43],"product_tag":[],"class_list":{"0":"post-4526","1":"product","2":"type-product","3":"status-publish","4":"has-post-thumbnail","6":"product_cat-uncategorized","7":"product_cat-hotel","8":"product_cat-rubby-otel-kadikoy","10":"first","11":"outofstock","12":"featured","13":"shipping-taxable","14":"product-type-ovabrw_car_rental"},"aioseo_notices":[],"_links":{"self":[{"href":"https:\/\/demo1.otelrubbykadikoy.com.tr\/index.php\/wp-json\/wp\/v2\/product\/4526","targetHints":{"allow":["GET"]}}],"collection":[{"href":"https:\/\/demo1.otelrubbykadikoy.com.tr\/index.php\/wp-json\/wp\/v2\/product"}],"about":[{"href":"https:\/\/demo1.otelrubbykadikoy.com.tr\/index.php\/wp-json\/wp\/v2\/types\/product"}],"replies":[{"embeddable":true,"href":"https:\/\/demo1.otelrubbykadikoy.com.tr\/index.php\/wp-json\/wp\/v2\/comments?post=4526"}],"wp:featuredmedia":[{"embeddable":true,"href":"https:\/\/demo1.otelrubbykadikoy.com.tr\/index.php\/wp-json\/wp\/v2\/media\/4407"}],"wp:attachment":[{"href":"https:\/\/demo1.otelrubbykadikoy.com.tr\/index.php\/wp-json\/wp\/v2\/media?parent=4526"}],"wp:term":[{"taxonomy":"product_brand","embeddable":true,"href":"https:\/\/demo1.otelrubbykadikoy.com.tr\/index.php\/wp-json\/wp\/v2\/product_brand?post=4526"},{"taxonomy":"product_cat","embeddable":true,"href":"https:\/\/demo1.otelrubbykadikoy.com.tr\/index.php\/wp-json\/wp\/v2\/product_cat?post=4526"},{"taxonomy":"product_tag","embeddable":true,"href":"https:\/\/demo1.otelrubbykadikoy.com.tr\/index.php\/wp-json\/wp\/v2\/product_tag?post=4526"}],"curies":[{"name":"wp","href":"https:\/\/api.w.org\/{rel}","templated":true}]}}